{"id":133,"date":"2018-01-11T15:05:09","date_gmt":"2018-01-11T15:05:09","guid":{"rendered":"http:\/\/bcob-gmbh.de\/?page_id=133"},"modified":"2018-01-15T10:27:50","modified_gmt":"2018-01-15T10:27:50","slug":"mission-vision","status":"publish","type":"page","link":"https:\/\/bcob-gmbh.de\/?page_id=133","title":{"rendered":"Mission &#038; Vision @"},"content":{"rendered":"<p><a href=\"http:\/\/bcob-gmbh.de\/\"><img loading=\"lazy\" decoding=\"async\" class=\"alignnone wp-image-247\" src=\"http:\/\/bcob-gmbh.de\/wp-content\/uploads\/2018\/01\/BCOB_LOGO_2017-e1516008388541-300x138.jpeg\" alt=\"\" width=\"200\" height=\"92\" \/><\/a><\/p>\n<p><span style=\"color: #808080;\">Messbare Ergebnisse durch eine optimale Vorbereitung, Umsetzung der Kundenanforderungen aus wirtschaftlicher, verfahrenstechnischer und organisatorischer Sichtweise. Mit einer aufrichtigen und proaktiven Unternehmenskultur beg\u00fcnstigen wir den Meinungsaustausch zwischen unseren Gesch\u00e4ftspartnern und Mitarbeitern mit dem Ziel der Effizienzsteigerung und Profitabilit\u00e4t unserer Kunden.<\/span><\/p>\n<p><a href=\"http:\/\/bcob-gmbh.de\/?page_id=18\"><span style=\"color: #c2d49f;\">-&gt; back&#8230;<\/span><\/a><\/p>\n","protected":false},"excerpt":{"rendered":"<p>Messbare Ergebnisse durch eine optimale Vorbereitung, Umsetzung der Kundenanforderungen aus wirtschaftlicher, verfahrenstechnischer und organisatorischer Sichtweise. Mit einer aufrichtigen und proaktiven Unternehmenskultur beg\u00fcnstigen wir den Meinungsaustausch zwischen unseren Gesch\u00e4ftspartnern und Mitarbeitern mit dem Ziel der Effizienzsteigerung und Profitabilit\u00e4t unserer Kunden. -&gt; back&#8230;<\/p>\n","protected":false},"author":1,"featured_media":0,"parent":0,"menu_order":0,"comment_status":"closed","ping_status":"closed","template":"","meta":{"footnotes":""},"class_list":["post-133","page","type-page","status-publish","hentry"],"_links":{"self":[{"href":"https:\/\/bcob-gmbh.de\/index.php?rest_route=\/wp\/v2\/pages\/133","targetHints":{"allow":["GET"]}}],"collection":[{"href":"https:\/\/bcob-gmbh.de\/index.php?rest_route=\/wp\/v2\/pages"}],"about":[{"href":"https:\/\/bcob-gmbh.de\/index.php?rest_route=\/wp\/v2\/types\/page"}],"author":[{"embeddable":true,"href":"https:\/\/bcob-gmbh.de\/index.php?rest_route=\/wp\/v2\/users\/1"}],"replies":[{"embeddable":true,"href":"https:\/\/bcob-gmbh.de\/index.php?rest_route=%2Fwp%2Fv2%2Fcomments&post=133"}],"version-history":[{"count":8,"href":"https:\/\/bcob-gmbh.de\/index.php?rest_route=\/wp\/v2\/pages\/133\/revisions"}],"predecessor-version":[{"id":292,"href":"https:\/\/bcob-gmbh.de\/index.php?rest_route=\/wp\/v2\/pages\/133\/revisions\/292"}],"wp:attachment":[{"href":"https:\/\/bcob-gmbh.de\/index.php?rest_route=%2Fwp%2Fv2%2Fmedia&parent=133"}],"curies":[{"name":"wp","href":"https:\/\/api.w.org\/{rel}","templated":true}]}}