{"id":138,"date":"2018-01-11T15:27:34","date_gmt":"2018-01-11T15:27:34","guid":{"rendered":"http:\/\/bcob-gmbh.de\/?page_id=138"},"modified":"2018-01-15T10:43:13","modified_gmt":"2018-01-15T10:43:13","slug":"jobs","status":"publish","type":"page","link":"https:\/\/bcob-gmbh.de\/?page_id=138","title":{"rendered":"Jobs @"},"content":{"rendered":"<p><a href=\"http:\/\/bcob-gmbh.de\/\"><img loading=\"lazy\" decoding=\"async\" class=\"alignnone wp-image-247\" src=\"http:\/\/bcob-gmbh.de\/wp-content\/uploads\/2018\/01\/BCOB_LOGO_2017-e1516008388541-300x138.jpeg\" alt=\"\" width=\"200\" height=\"92\" \/><\/a><\/p>\n<p><span style=\"color: #808080;\">Besten Dank f\u00fcr das Interesse an einer Mitarbeit.<\/span><\/p>\n<p><span style=\"color: #808080;\">Wir suchen im Rahmen der Expansion in den Bereichen Projektmanagement, IT und Medizintechnik proaktive, flexible und tatkr\u00e4ftige Spezialisten f\u00fcr eine feste oder auch projektbezogene Mitarbeit. Dar\u00fcber hinaus sind auch sind wir auch jederzeit offen f\u00fcr Anfragen f\u00fcr Werkstudenten oder Praktika.<\/span><\/p>\n<p><span style=\"color: #808080;\">Sie haben Lust an der \u00dcbernahme reizvoller und aufregender Aufgaben und m\u00f6chten in einem aufstrebenden Team mitarbeiten? Dann bewerben Sie sich und senden uns Ihre aussagekr\u00e4ftigen Unterlagen per <span style=\"color: #c0d598;\"><a style=\"color: #c0d598;\" href=\"Mailto:info@bcob.eu\">Email<\/a> <\/span>oder per <span style=\"color: #c0d598;\"><a style=\"color: #c0d598;\" href=\"http:\/\/bcob-gmbh.de\/?page_id=234\">Formular<\/a> <\/span>zu.<\/span><\/p>\n<p><span style=\"color: #808080;\">Wir freuen uns auf Ihre Nachricht!<\/span><\/p>\n<p><span style=\"color: #c0d598;\"><a style=\"color: #c0d598;\" href=\"http:\/\/bcob-gmbh.de\/?page_id=18\">-&gt; back&#8230;<\/a><\/span><\/p>\n","protected":false},"excerpt":{"rendered":"<p>Besten Dank f\u00fcr das Interesse an einer Mitarbeit. Wir suchen im Rahmen der Expansion in den Bereichen Projektmanagement, IT und Medizintechnik proaktive, flexible und tatkr\u00e4ftige Spezialisten f\u00fcr eine feste oder auch projektbezogene Mitarbeit. Dar\u00fcber hinaus sind auch sind wir auch jederzeit offen f\u00fcr Anfragen f\u00fcr Werkstudenten oder Praktika. Sie haben Lust an der \u00dcbernahme reizvoller &hellip; <a href=\"https:\/\/bcob-gmbh.de\/?page_id=138\" class=\"more-link\"><span class=\"screen-reader-text\">Jobs @<\/span> weiterlesen <span class=\"meta-nav\">&rarr;<\/span><\/a><\/p>\n","protected":false},"author":1,"featured_media":0,"parent":0,"menu_order":0,"comment_status":"closed","ping_status":"closed","template":"","meta":{"footnotes":""},"class_list":["post-138","page","type-page","status-publish","hentry"],"_links":{"self":[{"href":"https:\/\/bcob-gmbh.de\/index.php?rest_route=\/wp\/v2\/pages\/138","targetHints":{"allow":["GET"]}}],"collection":[{"href":"https:\/\/bcob-gmbh.de\/index.php?rest_route=\/wp\/v2\/pages"}],"about":[{"href":"https:\/\/bcob-gmbh.de\/index.php?rest_route=\/wp\/v2\/types\/page"}],"author":[{"embeddable":true,"href":"https:\/\/bcob-gmbh.de\/index.php?rest_route=\/wp\/v2\/users\/1"}],"replies":[{"embeddable":true,"href":"https:\/\/bcob-gmbh.de\/index.php?rest_route=%2Fwp%2Fv2%2Fcomments&post=138"}],"version-history":[{"count":11,"href":"https:\/\/bcob-gmbh.de\/index.php?rest_route=\/wp\/v2\/pages\/138\/revisions"}],"predecessor-version":[{"id":304,"href":"https:\/\/bcob-gmbh.de\/index.php?rest_route=\/wp\/v2\/pages\/138\/revisions\/304"}],"wp:attachment":[{"href":"https:\/\/bcob-gmbh.de\/index.php?rest_route=%2Fwp%2Fv2%2Fmedia&parent=138"}],"curies":[{"name":"wp","href":"https:\/\/api.w.org\/{rel}","templated":true}]}}