{"id":145,"date":"2018-01-11T15:34:31","date_gmt":"2018-01-11T15:34:31","guid":{"rendered":"http:\/\/bcob-gmbh.de\/?page_id=145"},"modified":"2018-01-15T10:37:42","modified_gmt":"2018-01-15T10:37:42","slug":"e-procurement-esupply-management","status":"publish","type":"page","link":"https:\/\/bcob-gmbh.de\/?page_id=145","title":{"rendered":"eProcurement \/ eSupply @"},"content":{"rendered":"<p><a href=\"http:\/\/bcob-gmbh.de\/\"><img loading=\"lazy\" decoding=\"async\" class=\"alignnone wp-image-247\" src=\"http:\/\/bcob-gmbh.de\/wp-content\/uploads\/2018\/01\/BCOB_LOGO_2017-e1516008388541-300x138.jpeg\" alt=\"\" width=\"200\" height=\"92\" \/><\/a><\/p>\n<p><span style=\"color: #808080;\">Wir beraten L\u00f6sungsneutral bei der Einf\u00fchrung und der Optimierung von (e-) procurement L\u00f6sungen. Hersteller wie SAP (Ariba), Wallmedien (WPS) oder auch andere Branchenspezifischen L\u00f6sungen sind f\u00fcr uns Tagesgesch\u00e4ft. <\/span><\/p>\n<p><span style=\"color: #808080;\">Unsere Beratung \/ Dienstleistungen starten je nach Bedarf schon beim Sourcing der \u201erichtigen\u201c L\u00f6sung und begleiten das Projekt bis zum Go Live und auch dar\u00fcber hinaus bei weiteren kontinuierlichen Optimierungen. <\/span><\/p>\n<p><span style=\"color: #808080;\">Sie als Kunden profitieren besonders durch unser Wissen schon bei den Anforderungen an die L\u00f6sung (Wer kann was und wer nicht, welche L\u00f6sung ist Wartungsfreundlich, w<\/span><span style=\"color: #808080;\">ie hoch sind die One Off Kosten etc.) \u201eSie kaufen sich kompetente Experten ein\u201c die nur in Ihrem Interesse handeln. <\/span><\/p>\n<p><span style=\"color: #808080;\">Unsere speziellen Branchenkenntnisse werden durch Referenzen aus den Bereichen High Tec, Industrielle Produktion, Finanz &amp; Bankenwesen unterstrichen.<\/span><\/p>\n<p><a href=\"http:\/\/bcob-gmbh.de\/?page_id=150\"><span style=\"color: #c0d598;\">-&gt;back&#8230;<\/span><\/a><\/p>\n","protected":false},"excerpt":{"rendered":"<p>Wir beraten L\u00f6sungsneutral bei der Einf\u00fchrung und der Optimierung von (e-) procurement L\u00f6sungen. Hersteller wie SAP (Ariba), Wallmedien (WPS) oder auch andere Branchenspezifischen L\u00f6sungen sind f\u00fcr uns Tagesgesch\u00e4ft. Unsere Beratung \/ Dienstleistungen starten je nach Bedarf schon beim Sourcing der \u201erichtigen\u201c L\u00f6sung und begleiten das Projekt bis zum Go Live und auch dar\u00fcber hinaus bei &hellip; <a href=\"https:\/\/bcob-gmbh.de\/?page_id=145\" class=\"more-link\"><span class=\"screen-reader-text\">eProcurement \/ eSupply @<\/span> weiterlesen <span class=\"meta-nav\">&rarr;<\/span><\/a><\/p>\n","protected":false},"author":1,"featured_media":0,"parent":0,"menu_order":0,"comment_status":"closed","ping_status":"closed","template":"","meta":{"footnotes":""},"class_list":["post-145","page","type-page","status-publish","hentry"],"_links":{"self":[{"href":"https:\/\/bcob-gmbh.de\/index.php?rest_route=\/wp\/v2\/pages\/145","targetHints":{"allow":["GET"]}}],"collection":[{"href":"https:\/\/bcob-gmbh.de\/index.php?rest_route=\/wp\/v2\/pages"}],"about":[{"href":"https:\/\/bcob-gmbh.de\/index.php?rest_route=\/wp\/v2\/types\/page"}],"author":[{"embeddable":true,"href":"https:\/\/bcob-gmbh.de\/index.php?rest_route=\/wp\/v2\/users\/1"}],"replies":[{"embeddable":true,"href":"https:\/\/bcob-gmbh.de\/index.php?rest_route=%2Fwp%2Fv2%2Fcomments&post=145"}],"version-history":[{"count":7,"href":"https:\/\/bcob-gmbh.de\/index.php?rest_route=\/wp\/v2\/pages\/145\/revisions"}],"predecessor-version":[{"id":297,"href":"https:\/\/bcob-gmbh.de\/index.php?rest_route=\/wp\/v2\/pages\/145\/revisions\/297"}],"wp:attachment":[{"href":"https:\/\/bcob-gmbh.de\/index.php?rest_route=%2Fwp%2Fv2%2Fmedia&parent=145"}],"curies":[{"name":"wp","href":"https:\/\/api.w.org\/{rel}","templated":true}]}}