{"id":147,"date":"2018-01-11T15:31:18","date_gmt":"2018-01-11T15:31:18","guid":{"rendered":"http:\/\/bcob-gmbh.de\/?page_id=147"},"modified":"2018-01-19T13:01:25","modified_gmt":"2018-01-19T13:01:25","slug":"medizintechnik","status":"publish","type":"page","link":"https:\/\/bcob-gmbh.de\/?page_id=147","title":{"rendered":"Medizintechnik @"},"content":{"rendered":"<p><a href=\"http:\/\/bcob-gmbh.de\/\"><img loading=\"lazy\" decoding=\"async\" class=\"alignnone wp-image-247\" src=\"http:\/\/bcob-gmbh.de\/wp-content\/uploads\/2018\/01\/BCOB_LOGO_2017-e1516008388541-300x138.jpeg\" alt=\"\" width=\"200\" height=\"92\" \/><\/a><\/p>\n<p>Wir unterst\u00fctzen unsere Kunden in sicherheitskritischen Branchen, unter anderem in der Medizintechnik. Hier ist neben der Sicherstellung von Abl\u00e4ufen von Prozessen speziell die Einhaltung von internationalen Normen, Standards und Gesetzen eine durchsetzende Voraussetzung f\u00fcr ein sicheres Produkt und eine ebenso sichere Produktion.<\/p>\n<p>Um Risiken f\u00fcr Endanwender auszuschlie\u00dfen, unterliegt die Herstellung von medizintechnischen Produkten strengen gesetzlichen Regelungen.<\/p>\n<p>Wir unterst\u00fctzen Sie bei der Qualifizierung und <span style=\"color: #c0d598;\"><a style=\"color: #c0d598;\" href=\"http:\/\/bcob-gmbh.de\/?page_id=330\">Validierung<\/a><\/span> von Produktionsanlagen, der <span style=\"color: #c0d598;\"><a style=\"color: #c0d598;\" href=\"http:\/\/bcob-gmbh.de\/?page_id=330\">Validierung<\/a> <\/span>und <span style=\"color: #c0d598;\"><a style=\"color: #c0d598;\" href=\"http:\/\/bcob-gmbh.de\/?page_id=330\">Verifizierung<\/a><\/span> von Produktionsprozessen und mit Beratung zu regulatorischen Vorgaben.<\/p>\n<p><a href=\"http:\/\/bcob-gmbh.de\/?page_id=150\"><span style=\"color: #c0d598;\">-&gt;back&#8230;<\/span><\/a><\/p>\n","protected":false},"excerpt":{"rendered":"<p>Wir unterst\u00fctzen unsere Kunden in sicherheitskritischen Branchen, unter anderem in der Medizintechnik. Hier ist neben der Sicherstellung von Abl\u00e4ufen von Prozessen speziell die Einhaltung von internationalen Normen, Standards und Gesetzen eine durchsetzende Voraussetzung f\u00fcr ein sicheres Produkt und eine ebenso sichere Produktion. Um Risiken f\u00fcr Endanwender auszuschlie\u00dfen, unterliegt die Herstellung von medizintechnischen Produkten strengen gesetzlichen &hellip; <a href=\"https:\/\/bcob-gmbh.de\/?page_id=147\" class=\"more-link\"><span class=\"screen-reader-text\">Medizintechnik @<\/span> weiterlesen <span class=\"meta-nav\">&rarr;<\/span><\/a><\/p>\n","protected":false},"author":1,"featured_media":0,"parent":0,"menu_order":0,"comment_status":"closed","ping_status":"closed","template":"","meta":{"footnotes":""},"class_list":["post-147","page","type-page","status-publish","hentry"],"_links":{"self":[{"href":"https:\/\/bcob-gmbh.de\/index.php?rest_route=\/wp\/v2\/pages\/147","targetHints":{"allow":["GET"]}}],"collection":[{"href":"https:\/\/bcob-gmbh.de\/index.php?rest_route=\/wp\/v2\/pages"}],"about":[{"href":"https:\/\/bcob-gmbh.de\/index.php?rest_route=\/wp\/v2\/types\/page"}],"author":[{"embeddable":true,"href":"https:\/\/bcob-gmbh.de\/index.php?rest_route=\/wp\/v2\/users\/1"}],"replies":[{"embeddable":true,"href":"https:\/\/bcob-gmbh.de\/index.php?rest_route=%2Fwp%2Fv2%2Fcomments&post=147"}],"version-history":[{"count":9,"href":"https:\/\/bcob-gmbh.de\/index.php?rest_route=\/wp\/v2\/pages\/147\/revisions"}],"predecessor-version":[{"id":333,"href":"https:\/\/bcob-gmbh.de\/index.php?rest_route=\/wp\/v2\/pages\/147\/revisions\/333"}],"wp:attachment":[{"href":"https:\/\/bcob-gmbh.de\/index.php?rest_route=%2Fwp%2Fv2%2Fmedia&parent=147"}],"curies":[{"name":"wp","href":"https:\/\/api.w.org\/{rel}","templated":true}]}}