{"id":241,"date":"2018-01-12T16:02:24","date_gmt":"2018-01-12T16:02:24","guid":{"rendered":"http:\/\/bcob-gmbh.de\/?page_id=241"},"modified":"2025-10-15T08:18:47","modified_gmt":"2025-10-15T08:18:47","slug":"oliver-brokowsky","status":"publish","type":"page","link":"https:\/\/bcob-gmbh.de\/?page_id=241","title":{"rendered":"Oliver Brokowsky @"},"content":{"rendered":"<p><a href=\"http:\/\/bcob-gmbh.de\/\"><img loading=\"lazy\" decoding=\"async\" class=\"alignnone wp-image-247\" src=\"http:\/\/bcob-gmbh.de\/wp-content\/uploads\/2018\/01\/BCOB_LOGO_2017-e1516008388541-300x138.jpeg\" alt=\"\" width=\"200\" height=\"92\" \/><\/a><\/p>\n<p><img loading=\"lazy\" decoding=\"async\" class=\"alignnone wp-image-243\" src=\"http:\/\/bcob-gmbh.de\/wp-content\/uploads\/2018\/01\/IMG_1548-e1515772901309-225x300.jpg\" alt=\"\" width=\"91\" height=\"122\" srcset=\"https:\/\/bcob-gmbh.de\/wp-content\/uploads\/2018\/01\/IMG_1548-e1515772901309-225x300.jpg 225w, https:\/\/bcob-gmbh.de\/wp-content\/uploads\/2018\/01\/IMG_1548-e1515772901309-768x1024.jpg 768w\" sizes=\"auto, (max-width: 91px) 100vw, 91px\" \/><\/p>\n<p>Vor der Gr\u00fcndung der BCOB GmbH im Oktober 2014 war Oliver Brokowsky von Januar 2005 bis Oktober 2014 Senior Berater und Gesch\u00e4ftsf\u00fchrer der LitOS Consulting GmbH und der LitOS Consulting Verwaltungsgesellschaft mbH in Hamburg. Hier betreute er unter anderem internationale Kunden im Bereich Medizintechnik, Luft- Raumfahrt, \u00a0Logistik und in der Finanzbranche.<\/p>\n<p>Fr\u00fcherer Herausforderungen:<\/p>\n<ul>\n<li>1999 &#8211; 2004 &#8211; Systemberater BIZERBA GmbH &amp; Co. KG<\/li>\n<li>1998- 1999 &#8211; IT Berater WHATSUP AG<\/li>\n<li>1989 &#8211; 1998 &#8211; Berater und Operational Manager AVERY DENNISON<\/li>\n<\/ul>\n","protected":false},"excerpt":{"rendered":"<p>Vor der Gr\u00fcndung der BCOB GmbH im Oktober 2014 war Oliver Brokowsky von Januar 2005 bis Oktober 2014 Senior Berater und Gesch\u00e4ftsf\u00fchrer der LitOS Consulting GmbH und der LitOS Consulting Verwaltungsgesellschaft mbH in Hamburg. Hier betreute er unter anderem internationale Kunden im Bereich Medizintechnik, Luft- Raumfahrt, \u00a0Logistik und in der Finanzbranche. Fr\u00fcherer Herausforderungen: 1999 &#8211; &hellip; <a href=\"https:\/\/bcob-gmbh.de\/?page_id=241\" class=\"more-link\"><span class=\"screen-reader-text\">Oliver Brokowsky @<\/span> weiterlesen <span class=\"meta-nav\">&rarr;<\/span><\/a><\/p>\n","protected":false},"author":1,"featured_media":0,"parent":0,"menu_order":0,"comment_status":"closed","ping_status":"closed","template":"","meta":{"footnotes":""},"class_list":["post-241","page","type-page","status-publish","hentry"],"_links":{"self":[{"href":"https:\/\/bcob-gmbh.de\/index.php?rest_route=\/wp\/v2\/pages\/241","targetHints":{"allow":["GET"]}}],"collection":[{"href":"https:\/\/bcob-gmbh.de\/index.php?rest_route=\/wp\/v2\/pages"}],"about":[{"href":"https:\/\/bcob-gmbh.de\/index.php?rest_route=\/wp\/v2\/types\/page"}],"author":[{"embeddable":true,"href":"https:\/\/bcob-gmbh.de\/index.php?rest_route=\/wp\/v2\/users\/1"}],"replies":[{"embeddable":true,"href":"https:\/\/bcob-gmbh.de\/index.php?rest_route=%2Fwp%2Fv2%2Fcomments&post=241"}],"version-history":[{"count":5,"href":"https:\/\/bcob-gmbh.de\/index.php?rest_route=\/wp\/v2\/pages\/241\/revisions"}],"predecessor-version":[{"id":510,"href":"https:\/\/bcob-gmbh.de\/index.php?rest_route=\/wp\/v2\/pages\/241\/revisions\/510"}],"wp:attachment":[{"href":"https:\/\/bcob-gmbh.de\/index.php?rest_route=%2Fwp%2Fv2%2Fmedia&parent=241"}],"curies":[{"name":"wp","href":"https:\/\/api.w.org\/{rel}","templated":true}]}}