{"id":27,"date":"2016-09-02T14:00:14","date_gmt":"2016-09-02T14:00:14","guid":{"rendered":"http:\/\/bcob-gmbh.de\/?page_id=27"},"modified":"2024-08-15T14:20:17","modified_gmt":"2024-08-15T14:20:17","slug":"impressum","status":"publish","type":"page","link":"https:\/\/bcob-gmbh.de\/?page_id=27","title":{"rendered":"Impressum&#8230;"},"content":{"rendered":"\n<figure class=\"wp-block-image\"><a href=\"http:\/\/bcob-gmbh.de\/\"><img loading=\"lazy\" decoding=\"async\" width=\"300\" height=\"138\" src=\"http:\/\/bcob-gmbh.de\/wp-content\/uploads\/2018\/01\/BCOB_LOGO_2017-e1516008388541-300x138.jpeg\" alt=\"\" class=\"wp-image-247\"\/><\/a><\/figure>\n\n\n\n<h5 class=\"wp-block-heading\">Hauptsitz (Sitz der Gesch\u00e4ftsf\u00fchrung):<\/h5>\n\n\n\n<div class=\"wp-block-group\"><div class=\"wp-block-group__inner-container is-layout-flow wp-block-group-is-layout-flow\">\n<p><span style=\"color: #808080;\"><span class=\"has-inline-color has-black-color\">Holsteiner Chaussee 32a,&nbsp;22523&nbsp;Hamburg<\/span><\/span><\/p>\n\n\n\n<h5 class=\"wp-block-heading\">Betriebsst\u00e4tte \/ Zweigstelle (Besucheradresse):<\/h5>\n\n\n\n<p><span style=\"color: #808080;\"><span class=\"has-inline-color has-black-color\">Jacobsenweg 20  634,\u00a022525\u00a0Hamburg<\/span><\/span><\/p>\n\n\n\n<div class=\"wp-block-group\"><div class=\"wp-block-group__inner-container is-layout-flow wp-block-group-is-layout-flow\">\n<p><span class=\"has-inline-color has-black-color\">Telefon: &nbsp;+49 (0) 40. 57 25 9.673<\/span><\/p>\n<\/div><\/div>\n\n\n\n<p>Fax: &nbsp; &nbsp; &nbsp; &nbsp;+49 (0) 40. 57 25 9.675<\/p>\n\n\n\n<p>EMail: &nbsp; &nbsp; Info@BCOB.EU<\/p>\n\n\n\n<p><span style=\"color:#f4060a\" class=\"has-inline-color\">Hinweis: Besuche ausschlie\u00dflich nach vorheriger Terminabsprache<\/span><\/p>\n<\/div><\/div>\n\n\n\n<p><span style=\"color: #808080;\"><span class=\"ms-rteThemeFontFace-1 ms-rteFontSize-3\">BCOB GmbH \/ Sitz der Gesellschaft: Hamburg \/ Amtsgericht Hamburg, HRB 133588&nbsp;<\/span><span class=\"ms-rteThemeFontFace-1 ms-rteFontSize-3\">USt-IdNr.: DE296744893<\/span><span class=\"ms-rteThemeFontFace-1 ms-rteFontSize-3\">&nbsp;Gesch\u00e4ftsf\u00fchrung: Oliver Brokowsky<\/span><\/span><\/p>\n\n\n\n<p><span style=\"color: #808080;\"><a style=\"color: #808080;\" href=\"http:\/\/bcob-gmbh.de\/wp-content\/uploads\/2016\/09\/Allgemeine-Gesch\u00e4ftsbedingungen-der-BCOB-GmbH-Stand-01102017.pdf\">Allgemeine Gesch\u00e4ftsbedingungen der BCOB GmbH Stand 01102017<\/a><\/span><\/p>\n\n\n\n<p><span style=\"color: #808080;\">\n<div class=\"sp-wrap sp-wrap-default\">\n<div class=\"sp-head\" title=\"Erweitern\">\nDisclaimer - Externe Links:\n<\/div>\n<div class=\"sp-body folded\">\n<p>Diese Website enth\u00e4lt Verkn\u00fcpfungen zu Websites Dritter (\u201eexterne Links\u201c). Diese Websites unterliegen der Haftung der jeweiligen Betreiber. BCOB GmbH hat bei der erstmaligen Verkn\u00fcpfung der externen Links die fremden Inhalte daraufhin \u00fcberpr\u00fcft, ob etwaige Rechtsverst\u00f6\u00dfe bestehen. Zu dem Zeitpunkt waren keine Rechtsverst\u00f6\u00dfe erkennbar. BCOB GmbH hat keinerlei Einfluss auf die aktuelle und zuk\u00fcnftige Gestaltung und auf die Inhalte der verkn\u00fcpften Seiten. Das Setzen von externen Links bedeutet nicht, dass sich BCOB GmbH die hinter dem Verweis oder Link liegenden Inhalte zu Eigen macht. Eine st\u00e4ndige Kontrolle dieser externen Links ist f\u00fcr BCOB GmbH ohne konkrete Hinweise auf Rechtsverst\u00f6\u00dfe nicht zumutbar. Bei Kenntnis von Rechtsverst\u00f6\u00dfen werden jedoch derartige externe Links unverz\u00fcglich gel\u00f6scht. <\/p>\n<div class=\"spdiv\">[Einklappen]<\/div>\n<\/div>\n<\/div>\n<\/span><\/p>\n\n\n\n<p><span style=\"color: #808080;\">\n<div class=\"sp-wrap sp-wrap-default\">\n<div class=\"sp-head\" title=\"Erweitern\">\nDisclaimer - Datenschutz:\n<\/div>\n<div class=\"sp-body folded\">\n<p>Datenschutz: Durch den Besuch der Website der BCOB GmbH k\u00f6nnen Informationen \u00fcber den Zugriff (Datum, Uhrzeit, betrachtete Seite) auf dem Server gespeichert werden. Diese Daten geh\u00f6ren nicht zu den personenbezogenen Daten, sondern sind anonymisiert. Sie werden ausschlie\u00dflich zu statistischen Zwecken ausgewertet. Eine Weitergabe an Dritte, zu kommerziellen oder nichtkommerziellen Zwecken, findet nicht statt. BCOB GmbH weist ausdr\u00fccklich darauf hin, dass die Daten\u00fcbertragung im Internet (z.B. bei der Kommunikation per E-Mail) Sicherheitsl\u00fccken aufweisen und nicht l\u00fcckenlos vor dem Zugriff durch Dritte gesch\u00fctzt werden kann. Die Verwendung der Kontaktdaten der Anbieterkennzeichnung \u2013 insbesondere der Telefon-\/Faxnummern und E-Mailadresse \u2013 zur gewerblichen Werbung ist ausdr\u00fccklich nicht erw\u00fcnscht, es sei denn BCOB GmbH hatte zuvor seine schriftliche Einwilligung erteilt oder es besteht bereits ein gesch\u00e4ftlicher Kontakt. BCOB GmbH und alle auf dieser Website genannten Personen widersprechen hiermit jeder kommerziellen Verwendung und Weitergabe ihrer Daten.<\/p>\n<div class=\"spdiv\">[Einklappen]<\/div>\n<\/div>\n<\/div>\n<\/span><\/p>\n","protected":false},"excerpt":{"rendered":"<p>Hauptsitz (Sitz der Gesch\u00e4ftsf\u00fchrung): Holsteiner Chaussee 32a,&nbsp;22523&nbsp;Hamburg Betriebsst\u00e4tte \/ Zweigstelle (Besucheradresse): Jacobsenweg 20 634,\u00a022525\u00a0Hamburg Telefon: &nbsp;+49 (0) 40. 57 25 9.673 Fax: &nbsp; &nbsp; &nbsp; &nbsp;+49 (0) 40. 57 25 9.675 EMail: &nbsp; &nbsp; Info@BCOB.EU Hinweis: Besuche ausschlie\u00dflich nach vorheriger Terminabsprache BCOB GmbH \/ Sitz der Gesellschaft: Hamburg \/ Amtsgericht Hamburg, HRB 133588&nbsp;USt-IdNr.: DE296744893&nbsp;Gesch\u00e4ftsf\u00fchrung: Oliver &hellip; <a href=\"https:\/\/bcob-gmbh.de\/?page_id=27\" class=\"more-link\"><span class=\"screen-reader-text\">Impressum&#8230;<\/span> weiterlesen <span class=\"meta-nav\">&rarr;<\/span><\/a><\/p>\n","protected":false},"author":1,"featured_media":0,"parent":0,"menu_order":0,"comment_status":"closed","ping_status":"closed","template":"","meta":{"footnotes":""},"class_list":["post-27","page","type-page","status-publish","hentry"],"_links":{"self":[{"href":"https:\/\/bcob-gmbh.de\/index.php?rest_route=\/wp\/v2\/pages\/27","targetHints":{"allow":["GET"]}}],"collection":[{"href":"https:\/\/bcob-gmbh.de\/index.php?rest_route=\/wp\/v2\/pages"}],"about":[{"href":"https:\/\/bcob-gmbh.de\/index.php?rest_route=\/wp\/v2\/types\/page"}],"author":[{"embeddable":true,"href":"https:\/\/bcob-gmbh.de\/index.php?rest_route=\/wp\/v2\/users\/1"}],"replies":[{"embeddable":true,"href":"https:\/\/bcob-gmbh.de\/index.php?rest_route=%2Fwp%2Fv2%2Fcomments&post=27"}],"version-history":[{"count":33,"href":"https:\/\/bcob-gmbh.de\/index.php?rest_route=\/wp\/v2\/pages\/27\/revisions"}],"predecessor-version":[{"id":508,"href":"https:\/\/bcob-gmbh.de\/index.php?rest_route=\/wp\/v2\/pages\/27\/revisions\/508"}],"wp:attachment":[{"href":"https:\/\/bcob-gmbh.de\/index.php?rest_route=%2Fwp%2Fv2%2Fmedia&parent=27"}],"curies":[{"name":"wp","href":"https:\/\/api.w.org\/{rel}","templated":true}]}}