{"id":330,"date":"2018-01-19T12:59:19","date_gmt":"2018-01-19T12:59:19","guid":{"rendered":"http:\/\/bcob-gmbh.de\/?page_id=330"},"modified":"2018-01-19T13:03:17","modified_gmt":"2018-01-19T13:03:17","slug":"validierung-verifizierung","status":"publish","type":"page","link":"https:\/\/bcob-gmbh.de\/?page_id=330","title":{"rendered":"Validierung &#038; Verifizierung @"},"content":{"rendered":"<p><a href=\"http:\/\/bcob-gmbh.de\/\"><img loading=\"lazy\" decoding=\"async\" class=\"alignnone wp-image-247\" src=\"http:\/\/bcob-gmbh.de\/wp-content\/uploads\/2018\/01\/BCOB_LOGO_2017-e1516008388541-300x138.jpeg\" alt=\"\" width=\"200\" height=\"92\" \/><\/a><\/p>\n<p><strong>Validierung<\/strong>: ist ein dokumentiertes Verfahren zum Erbringen, Aufzeichnen und Interpretieren der Ergebnisse, die f\u00fcr den Nachweis ben\u00f6tigt werden, dass ein Verfahren bzw. Prozess best\u00e4ndig Produkte liefert, die den vorgegebenen Spezifikationen entsprechen.<\/p>\n<p><strong>Verifizierung: <\/strong>ist Nachweis der Richtigkeit einer Vermutung, Behauptung oder eines Umstandes oder die Best\u00e4tigung durch Bereitstellung eines objektiven Nachweises, dass die festgelegten Anforderungen erf\u00fcllt worden sind.<\/p>\n<p><span style=\"color: #c0d598;\"><a style=\"color: #c0d598;\" href=\"http:\/\/bcob-gmbh.de\/?page_id=147\">-&gt;back&#8230;<\/a>\u00a0<\/span><\/p>\n","protected":false},"excerpt":{"rendered":"<p>Validierung: ist ein dokumentiertes Verfahren zum Erbringen, Aufzeichnen und Interpretieren der Ergebnisse, die f\u00fcr den Nachweis ben\u00f6tigt werden, dass ein Verfahren bzw. Prozess best\u00e4ndig Produkte liefert, die den vorgegebenen Spezifikationen entsprechen. Verifizierung: ist Nachweis der Richtigkeit einer Vermutung, Behauptung oder eines Umstandes oder die Best\u00e4tigung durch Bereitstellung eines objektiven Nachweises, dass die festgelegten Anforderungen erf\u00fcllt &hellip; <a href=\"https:\/\/bcob-gmbh.de\/?page_id=330\" class=\"more-link\"><span class=\"screen-reader-text\">Validierung &#038; Verifizierung @<\/span> weiterlesen <span class=\"meta-nav\">&rarr;<\/span><\/a><\/p>\n","protected":false},"author":1,"featured_media":0,"parent":0,"menu_order":0,"comment_status":"closed","ping_status":"closed","template":"","meta":{"footnotes":""},"class_list":["post-330","page","type-page","status-publish","hentry"],"_links":{"self":[{"href":"https:\/\/bcob-gmbh.de\/index.php?rest_route=\/wp\/v2\/pages\/330","targetHints":{"allow":["GET"]}}],"collection":[{"href":"https:\/\/bcob-gmbh.de\/index.php?rest_route=\/wp\/v2\/pages"}],"about":[{"href":"https:\/\/bcob-gmbh.de\/index.php?rest_route=\/wp\/v2\/types\/page"}],"author":[{"embeddable":true,"href":"https:\/\/bcob-gmbh.de\/index.php?rest_route=\/wp\/v2\/users\/1"}],"replies":[{"embeddable":true,"href":"https:\/\/bcob-gmbh.de\/index.php?rest_route=%2Fwp%2Fv2%2Fcomments&post=330"}],"version-history":[{"count":2,"href":"https:\/\/bcob-gmbh.de\/index.php?rest_route=\/wp\/v2\/pages\/330\/revisions"}],"predecessor-version":[{"id":335,"href":"https:\/\/bcob-gmbh.de\/index.php?rest_route=\/wp\/v2\/pages\/330\/revisions\/335"}],"wp:attachment":[{"href":"https:\/\/bcob-gmbh.de\/index.php?rest_route=%2Fwp%2Fv2%2Fmedia&parent=330"}],"curies":[{"name":"wp","href":"https:\/\/api.w.org\/{rel}","templated":true}]}}